{"id":19,"date":"2024-08-06T18:38:19","date_gmt":"2024-08-06T16:38:19","guid":{"rendered":"https:\/\/www.physiobell.fr\/les-articles-de-flo\/?page_id=19"},"modified":"2024-08-10T17:58:23","modified_gmt":"2024-08-10T15:58:23","slug":"bienvenue-sur-mon-blog","status":"publish","type":"page","link":"https:\/\/www.physiobell.fr\/les-articles-de-flo\/bienvenue-sur-mon-blog\/","title":{"rendered":"Bienvenue sur mon blog !"},"content":{"rendered":"\t\t<div data-elementor-type=\"wp-page\" data-elementor-id=\"19\" class=\"elementor elementor-19\" data-elementor-post-type=\"page\">\n\t\t\t\t<div class=\"elementor-element elementor-element-2797fa5 e-flex e-con-boxed e-con e-parent\" data-id=\"2797fa5\" data-element_type=\"container\" data-e-type=\"container\">\n\t\t\t\t\t<div class=\"e-con-inner\">\n\t\t\t\t<div class=\"elementor-element elementor-element-0ea16c9 elementor-widget elementor-widget-text-editor\" data-id=\"0ea16c9\" data-element_type=\"widget\" data-e-type=\"widget\" data-widget_type=\"text-editor.default\">\n\t\t\t\t<div class=\"elementor-widget-container\">\n\t\t\t\t\t\t\t\t\t<p>Je suis Florence Ansar, formatrice, coach, esth\u00e9ticienne et chef d&rsquo;entreprise. Mais je suis aussi maman de trois enfants, belle-maman de deux autres filles et grand-m\u00e8re.\u00a0\u00a0<\/p><p>J&rsquo;ai pour passion mes m\u00e9tiers, la lecture, l&rsquo;apprentissage continu, la mer et \u00eatre connect\u00e9e \u00e0 plus grand.\u00a0<\/p><p>Ma mission est de transformer la vie des femmes entrepreneurs en leur offrant des formations pointues et hyper-sp\u00e9cialis\u00e9es pour qu&rsquo;elles puissent accompagner leurs clientes \u00e0 sortir des souffrances, les reconnecter \u00e0 leur estime de soi et accepter leur image.<\/p>\t\t\t\t\t\t\t\t<\/div>\n\t\t\t\t<\/div>\n\t\t\t\t\t<\/div>\n\t\t\t\t<\/div>\n\t\t\t\t<\/div>\n\t\t","protected":false},"excerpt":{"rendered":"<p>Je suis Florence Ansar, formatrice, coach, esth\u00e9ticienne et chef d&rsquo;entreprise. Mais je suis aussi maman de trois enfants, belle-maman de deux autres filles et grand-m\u00e8re.\u00a0\u00a0 J&rsquo;ai pour passion mes m\u00e9tiers, la lecture, l&rsquo;apprentissage continu, la mer et \u00eatre connect\u00e9e \u00e0 plus grand.\u00a0 Ma mission est de transformer la vie des femmes entrepreneurs en leur offrant [&hellip;]<\/p>\n","protected":false},"author":5,"featured_media":87,"parent":0,"menu_order":0,"comment_status":"closed","ping_status":"closed","template":"elementor_theme","meta":{"_monsterinsights_skip_tracking":false,"_monsterinsights_sitenote_active":false,"_monsterinsights_sitenote_note":"","_monsterinsights_sitenote_category":0,"footnotes":""},"class_list":["post-19","page","type-page","status-publish","has-post-thumbnail","hentry"],"_links":{"self":[{"href":"https:\/\/www.physiobell.fr\/les-articles-de-flo\/wp-json\/wp\/v2\/pages\/19","targetHints":{"allow":["GET"]}}],"collection":[{"href":"https:\/\/www.physiobell.fr\/les-articles-de-flo\/wp-json\/wp\/v2\/pages"}],"about":[{"href":"https:\/\/www.physiobell.fr\/les-articles-de-flo\/wp-json\/wp\/v2\/types\/page"}],"author":[{"embeddable":true,"href":"https:\/\/www.physiobell.fr\/les-articles-de-flo\/wp-json\/wp\/v2\/users\/5"}],"replies":[{"embeddable":true,"href":"https:\/\/www.physiobell.fr\/les-articles-de-flo\/wp-json\/wp\/v2\/comments?post=19"}],"version-history":[{"count":23,"href":"https:\/\/www.physiobell.fr\/les-articles-de-flo\/wp-json\/wp\/v2\/pages\/19\/revisions"}],"predecessor-version":[{"id":118,"href":"https:\/\/www.physiobell.fr\/les-articles-de-flo\/wp-json\/wp\/v2\/pages\/19\/revisions\/118"}],"wp:featuredmedia":[{"embeddable":true,"href":"https:\/\/www.physiobell.fr\/les-articles-de-flo\/wp-json\/wp\/v2\/media\/87"}],"wp:attachment":[{"href":"https:\/\/www.physiobell.fr\/les-articles-de-flo\/wp-json\/wp\/v2\/media?parent=19"}],"curies":[{"name":"wp","href":"https:\/\/api.w.org\/{rel}","templated":true}]}}